{"id":1212,"date":"2021-02-09T13:19:11","date_gmt":"2021-02-09T12:19:11","guid":{"rendered":"https:\/\/llar-infantil.escolagem.cat\/?page_id=1212"},"modified":"2025-11-12T21:42:18","modified_gmt":"2025-11-12T20:42:18","slug":"contacta","status":"publish","type":"page","link":"https:\/\/escolagem.cat\/llar-infantil\/contacta\/","title":{"rendered":"Contacta"},"content":{"rendered":"\n<style>\n.contact-1:before {background-color: rgba(26,26,26,.48);content: ' ';display: inline-block;height: 100%;left: 0;position: absolute;top: 0;width: 100%;z-index: 0;}[data-parallax-depth]:after, [data-parallax-depth]:before {background-attachment: fixed!important;}\n<\/style>\n<div class=\"row text-center\" style=\"margin:0;\">\n<div class=\"section-title-col\" data-type=\"column\">\n<h2 class=\"\">Contacta amb nosaltres<\/h2>\n<p class=\"lead\">Emplena el seg\u00fcent formulari si vols obtenir m\u00e9s informaci\u00f3.<\/p>\n<\/div>\n<\/div>\n<div id=\"contacta\" class=\"contact-1 content-section content-section-spacing white-text full-screen-section\" style=\"background-image: url('https:\/\/escolagem.cat\/llar-infantil\/wp-content\/plugins\/mesmerize-companion\/theme-data\/mesmerize\/sections\/images\/mockup-863469.jpg'); background-position: center top; background-size: cover; position: relative;\" data-label=\"Contacta\" data-id=\"contact--1\" data-export-id=\"contact-1\" data-category=\"contact\" data-parallax-depth=\"20\" data-bullets-visibility=\"true\">\n\n\n\n<div class=\"wp-block-columns ticss-913f3f94 is-layout-flex wp-container-core-columns-is-layout-9d6595d7 wp-block-columns-is-layout-flex\">\n<div class=\"wp-block-column is-layout-flow wp-block-column-is-layout-flow\" style=\"flex-basis:40%\">\n<div class=\"contactMap\" style=\"position:relative;z-index:1\"><iframe loading=\"lazy\" style=\"border: 0;width:100%;\" tabindex=\"0\" src=\"https:\/\/www.google.com\/maps\/embed?pb=!1m18!1m12!1m3!1d11944.306865311133!2d2.422630868598486!3d41.54593615498782!2m3!1f0!2f0!3f0!3m2!1i1024!2i768!4f13.1!3m3!1m2!1s0x0%3A0x836e729ced0c9598!2sLlar%20d'Infants%20-%20Escola%20GEM!5e0!3m2!1sca!2ses!4v1612875235300!5m2!1sca!2ses\" width=\"400\" height=\"400\" frameborder=\"0\" allowfullscreen=\"allowfullscreen\" aria-hidden=\"false\"><\/iframe><\/div>\n<div class=\"contactBox\">\n<h3 style=\"text-align:center\">CONTACTE GEM INFANTIL<\/h3>\n  <div> <i class=\"fa fa-map-marker\"><\/i> <span><b>ADRE\u00c7A<\/b><\/span><\/div>\n<div class=\"infoContact\">Passeig Cabanellas 23, 08304 Matar\u00f3<\/div>\n  <div> <i class=\"fa fa-envelope-o\"><\/i> <span><b>CORREU ELECTR\u00d2NIC<\/b><\/span><\/div>\n<div class=\"infoContact\">info@escolagem.cat<\/div>\n  <div> <i class=\"fa fa-phone\"><\/i> <span><b>TEL\u00c8FON<\/b><\/span><\/div>\n  <div class=\"infoContact\"><span>+34 93 798 94 61 (GEM)<br>+34 93 798 98 18 (GEM Petit)<\/span><\/div>\n<\/div>\n<\/div>\n\n\n\n<div class=\"wp-block-column ticss-0862f677 is-layout-flow wp-block-column-is-layout-flow\" style=\"flex-basis:60%\">\n<div class=\"gridContainer\" style=\"position: relative; z-index: 1;padding:0\">\n<div class=\"row text-center\">\n<div class=\"col-sm-12 contact-form-wrapper inline-info\">\n<div class=\"card large-padding\" style=\"padding:20px 0;background-color:rgb(255,255,255,0.9);border-radius: 15px;\">\n<!--<div class=\"\" data-content-shortcode=\"mesmerize_contact_form shortcode=&quot;contact-form-7 id=&amp;amp;quot;101&amp;amp;quot; title=&amp;amp;quot;Sol\u00b7licita informaci\u00f3&amp;amp;quot;&quot;\" data-editable=\"true\">[mesmerize_contact_form shortcode=\"contact-form-7 id=&amp;quot;101&amp;quot; title=&amp;quot;Sol\u00b7licita informaci\u00f3&amp;quot;\"]<\/div>-->\n<iframe loading=\"lazy\" src=\"https:\/\/docs.google.com\/forms\/d\/e\/1FAIpQLSeSBzR1YgxwJk2221RRsxX2GfpAQTalkWGKh8jqivHyI8KXkg\/viewform?embedded=true\" width=\"640\" height=\"2944\" frameborder=\"0\" marginheight=\"0\" marginwidth=\"0\" style=\"width:100%;height:2200px\">S&#39;est\u00e0 carregant\u2026<\/iframe>\n<\/div>\n<\/div>\n<\/div>\n<\/div>\n<\/div>\n<\/div>\n\n\n\n<\/div>\n","protected":false},"excerpt":{"rendered":"<p>Contacta amb nosaltres Emplena el seg\u00fcent formulari si vols obtenir m\u00e9s informaci\u00f3. CONTACTE GEM INFANTIL ADRE\u00c7A Passeig Cabanellas 23, 08304 Matar\u00f3 CORREU ELECTR\u00d2NIC info@escolagem.cat TEL\u00c8FON +34 93 798 94 61 (GEM)+34 93 798 98 18 (GEM Petit) S&#39;est\u00e0 carregant\u2026<\/p>\n","protected":false},"author":1,"featured_media":0,"parent":0,"menu_order":0,"comment_status":"closed","ping_status":"closed","template":"redux-templates_full_width","meta":{"footnotes":""},"class_list":["post-1212","page","type-page","status-publish","hentry"],"featured_image_urls":{"full":"","thumbnail":"","medium":"","medium_large":"","large":"","1536x1536":"","2048x2048":"","post-thumbnail":"","mesmerize-full-hd":""},"post_excerpt_stackable":"<p>Contacta amb nosaltres Emplena el seg\u00fcent formulari si vols obtenir m\u00e9s informaci\u00f3. CONTACTE GEM INFANTIL ADRE\u00c7A Passeig Cabanellas 23, 08304 Matar\u00f3 CORREU ELECTR\u00d2NIC info@escolagem.cat TEL\u00c8FON +34 93 798 94 61 (GEM)+34 93 798 98 18 (GEM Petit) S&#39;est\u00e0 carregant\u2026<\/p>\n","category_list":"","author_info":{"name":"gemadmin","url":"https:\/\/escolagem.cat\/llar-infantil\/author\/gemadmin\/"},"comments_num":"0 comments","yoast_head":"<!-- This site is optimized with the Yoast SEO plugin v15.7 - https:\/\/yoast.com\/wordpress\/plugins\/seo\/ -->\n<title>Contacta - Llar i Infantil GEM<\/title>\n<meta name=\"robots\" content=\"index, follow, max-snippet:-1, max-image-preview:large, max-video-preview:-1\" \/>\n<link rel=\"canonical\" href=\"https:\/\/escolagem.cat\/llar-infantil\/contacta\/\" \/>\n<meta property=\"og:locale\" content=\"ca_ES\" \/>\n<meta property=\"og:type\" content=\"article\" \/>\n<meta property=\"og:title\" content=\"Contacta - Llar i Infantil GEM\" \/>\n<meta property=\"og:description\" content=\"Contacta amb nosaltres Emplena el seg\u00fcent formulari si vols obtenir m\u00e9s informaci\u00f3. CONTACTE GEM INFANTIL ADRE\u00c7A Passeig Cabanellas 23, 08304 Matar\u00f3 CORREU ELECTR\u00d2NIC info@escolagem.cat TEL\u00c8FON +34 93 798 94 61 (GEM)+34 93 798 98 18 (GEM Petit) S&#039;est\u00e0 carregant\u2026\" \/>\n<meta property=\"og:url\" content=\"https:\/\/escolagem.cat\/llar-infantil\/contacta\/\" \/>\n<meta property=\"og:site_name\" content=\"Llar i Infantil GEM\" \/>\n<meta property=\"article:modified_time\" content=\"2025-11-12T20:42:18+00:00\" \/>\n<meta name=\"twitter:card\" content=\"summary_large_image\" \/>\n<meta name=\"twitter:label1\" content=\"Temps estimat de lectura\">\n\t<meta name=\"twitter:data1\" content=\"1 minut\">\n<script type=\"application\/ld+json\" class=\"yoast-schema-graph\">{\"@context\":\"https:\/\/schema.org\",\"@graph\":[{\"@type\":\"Organization\",\"@id\":\"https:\/\/escolagem.cat\/llar-infantil\/#organization\",\"name\":\"Fundaci\\u00f3 Privada Grup Escoles Matar\\u00f3 (GEM)\",\"url\":\"https:\/\/escolagem.cat\/llar-infantil\/\",\"sameAs\":[],\"logo\":{\"@type\":\"ImageObject\",\"@id\":\"https:\/\/escolagem.cat\/llar-infantil\/#logo\",\"inLanguage\":\"ca\",\"url\":\"https:\/\/escolagem.cat\/llar-infantil\/wp-content\/uploads\/2020\/12\/LogoGem_126x60Transparent-e1608292158936.png\",\"width\":40,\"height\":19,\"caption\":\"Fundaci\\u00f3 Privada Grup Escoles Matar\\u00f3 (GEM)\"},\"image\":{\"@id\":\"https:\/\/escolagem.cat\/llar-infantil\/#logo\"}},{\"@type\":\"WebSite\",\"@id\":\"https:\/\/escolagem.cat\/llar-infantil\/#website\",\"url\":\"https:\/\/escolagem.cat\/llar-infantil\/\",\"name\":\"Llar i Infantil GEM\",\"description\":\"Escola GEM - Llar infants, Infantil, Prim\\u00e0ria, ESO, Batxillerat i Cicles Formatius\",\"publisher\":{\"@id\":\"https:\/\/escolagem.cat\/llar-infantil\/#organization\"},\"potentialAction\":[{\"@type\":\"SearchAction\",\"target\":\"https:\/\/escolagem.cat\/llar-infantil\/?s={search_term_string}\",\"query-input\":\"required name=search_term_string\"}],\"inLanguage\":\"ca\"},{\"@type\":\"WebPage\",\"@id\":\"https:\/\/escolagem.cat\/llar-infantil\/contacta\/#webpage\",\"url\":\"https:\/\/escolagem.cat\/llar-infantil\/contacta\/\",\"name\":\"Contacta - Llar i Infantil GEM\",\"isPartOf\":{\"@id\":\"https:\/\/escolagem.cat\/llar-infantil\/#website\"},\"datePublished\":\"2021-02-09T12:19:11+00:00\",\"dateModified\":\"2025-11-12T20:42:18+00:00\",\"inLanguage\":\"ca\",\"potentialAction\":[{\"@type\":\"ReadAction\",\"target\":[\"https:\/\/escolagem.cat\/llar-infantil\/contacta\/\"]}]}]}<\/script>\n<!-- \/ Yoast SEO plugin. -->","_links":{"self":[{"href":"https:\/\/escolagem.cat\/llar-infantil\/wp-json\/wp\/v2\/pages\/1212","targetHints":{"allow":["GET"]}}],"collection":[{"href":"https:\/\/escolagem.cat\/llar-infantil\/wp-json\/wp\/v2\/pages"}],"about":[{"href":"https:\/\/escolagem.cat\/llar-infantil\/wp-json\/wp\/v2\/types\/page"}],"author":[{"embeddable":true,"href":"https:\/\/escolagem.cat\/llar-infantil\/wp-json\/wp\/v2\/users\/1"}],"replies":[{"embeddable":true,"href":"https:\/\/escolagem.cat\/llar-infantil\/wp-json\/wp\/v2\/comments?post=1212"}],"version-history":[{"count":9,"href":"https:\/\/escolagem.cat\/llar-infantil\/wp-json\/wp\/v2\/pages\/1212\/revisions"}],"predecessor-version":[{"id":1907,"href":"https:\/\/escolagem.cat\/llar-infantil\/wp-json\/wp\/v2\/pages\/1212\/revisions\/1907"}],"wp:attachment":[{"href":"https:\/\/escolagem.cat\/llar-infantil\/wp-json\/wp\/v2\/media?parent=1212"}],"curies":[{"name":"wp","href":"https:\/\/api.w.org\/{rel}","templated":true}]}}